{"id":21,"date":"2019-07-28T14:05:30","date_gmt":"2019-07-28T14:05:30","guid":{"rendered":"https:\/\/www.magowilly.com\/?page_id=21"},"modified":"2021-12-13T01:34:32","modified_gmt":"2021-12-13T01:34:32","slug":"politica-de-cookies","status":"publish","type":"page","link":"https:\/\/www.magowilly.com\/index.php\/politica-de-cookies\/","title":{"rendered":"Pol\u00edtica de Cookies"},"content":{"rendered":"\n<p class=\"has-text-align-center\">Seguidamente te facilitamos la informaci\u00f3n sobre las Cookies que se usan en esta web, tal y como se exige legalmente:<\/p>\n\n\n\n<p class=\"has-text-align-center\"><strong>NUESTRA POL\u00cdTICA DE COOKIES <\/strong><\/p>\n\n\n\n<p class=\"has-text-align-center\">La LSSI-CE, &nbsp;obliga a todos los que tenemos un blog o una web&nbsp;a&nbsp;<strong>advertir&nbsp;al usuario de la existencia de cookies, informar sobre ellas y requerirle permiso para descargarlas.<\/strong><\/p>\n\n\n\n<p class=\"has-text-align-center\">Siguiendo lo establecido en el art. 22.2 de la Ley 34\/2002<em>.\n \u201cLos prestadores de servicios podr\u00e1n utilizar dispositivos de \nalmacenamiento y recuperaci\u00f3n de datos en equipos terminales de los \ndestinatarios, a condici\u00f3n de que los mismos&nbsp;<\/em><strong>hayan dado su consentimiento despu\u00e9s de que se les haya facilitado informaci\u00f3n clara y completa sobre su utilizaci\u00f3n<\/strong><em>,\n en particular, sobre los fines del tratamiento de los datos, con \narreglo a lo dispuesto en la Ley Org\u00e1nica 15\/1999, de 13 de diciembre, \nde Protecci\u00f3n de Datos de Car\u00e1cter Personal\u201d.<\/em><\/p>\n\n\n\n<p class=\"has-text-align-center\">Debes\n conocer que teniendo en cuenta la forma en la que funciona Internet y \nlos sitios web,&nbsp;no siempre es posible contar con informaci\u00f3n actualizada\n de las cookies que terceras partes puedan utilizar a trav\u00e9s de este \nsitio web.<\/p>\n\n\n\n<p class=\"has-text-align-center\">Esto  se aplica especialmente a casos en los que esta p\u00e1gina web \ncontiene  elementos integrados: es decir, textos, documentos, im\u00e1genes o\n breves pel\u00edculas que se almacenan en otra parte, pero se muestran en \nnuestra web.<\/p>\n\n\n\n<p class=\"has-text-align-center\">Por\n consiguiente, en caso de que te encuentres con este tipo de cookies en \neste sitio web y no est\u00e9n enumeradas en la lista siguiente, te ruego que\n me lo comuniques. Tambi\u00e9n puedes ponerte en contacto directamente con \nel tercero para pedirle informaci\u00f3n sobre las cookies que coloca, la \nfinalidad y la duraci\u00f3n de la cookie, y c\u00f3mo ha garantizado su \nprivacidad.<\/p>\n\n\n\n<p class=\"has-text-align-center\"><strong>Previo.- \u00bfQu\u00e9 son las Cookies?<\/strong><\/p>\n\n\n\n<p class=\"has-text-align-center\">Las\n cookies constituyen una herramienta empleada por los servidores Web \npara almacenar y recuperar informaci\u00f3n acerca de sus visitantes. No es \nm\u00e1s que un fichero de texto que algunos servidores piden a nuestro \nnavegador que escriba en nuestro disco duro, con informaci\u00f3n acerca de \nlo que hemos estado haciendo por sus p\u00e1ginas. Poseen una fecha de \ncaducidad, que puede oscilar desde el tiempo que dure la sesi\u00f3n hasta \nuna fecha futura especificada, a partir de la cual dejan de ser \noperativa. <\/p>\n\n\n\n<h2 class=\"wp-block-heading\">1. Las cookies que utiliza esta web<\/h2>\n\n\n\n<p class=\"has-text-align-center\">En esta web se utilizan cookies <strong>propias y de terceros<\/strong>\n para conseguir que tengas una mejor experiencia de navegaci\u00f3n, puedas \ncompartir contenido en redes sociales, para mostrarte anuncios en \nfunci\u00f3n a tus intereses y para obtener estad\u00edsticas de usuarios.<\/p>\n\n\n\n<p class=\"has-text-align-center\">Por ello, las cookies empleadas en <strong><a href=\"https:\/\/www.magowilly.com\">https:\/\/www.magowilly.com<\/a><\/strong> se asocian \u00fanicamente con un Usuario an\u00f3nimo y su ordenador, no   proporcionan referencias que permitan deducir el nombre y apellidos del   Usuario y no pueden leer datos de su disco duro ni incluir virus en sus   textos. Asimismo, <strong><a href=\"https:\/\/www.magowilly.com\">https:\/\/www.magowilly.com<\/a><\/strong> no puede leer las cookies implantadas en el disco duro del Usuario desde otros servidores. <\/p>\n\n\n\n<p class=\"has-text-align-center\">El usuario puede libremente decidir acerca de la implantaci\u00f3n o no en su disco duro de las cookies empleadas en <strong><a href=\"https:\/\/www.magowilly.com\">https:\/\/www.magowilly.com<\/a><\/strong> En este sentido, el usuario puede configurar su navegador para aceptar o rechazar por defecto todas las cookies o para recibir un aviso en  pantalla de la recepci\u00f3n de cada cookie y decidir en ese momento su   implantaci\u00f3n o no en su disco duro. Para ello le sugerimos consultar la   secci\u00f3n de ayuda de su navegador para saber c\u00f3mo cambiar la   configuraci\u00f3n que actualmente emplea. Aun cuando el Usuario configurase   su navegador para rechazar todas las cookies o rechazase expresamente las cookies de<strong> <a href=\"https:\/\/www.magowilly.com\">https:\/\/www.magowilly.com<\/a><\/strong> podr\u00e1s  navegar por el  Portal con el \u00fanico inconveniente de no poder disfrutar  de las  funcionalidades del Portal que requieran la instalaci\u00f3n de alguna  de  ellas. En cualquier caso, el Usuario podr\u00e1 eliminar las cookies   implantadas en su disco duro en cualquier momento, siguiendo el   procedimiento establecido en la secci\u00f3n de ayuda de su navegador y que   posteriormente detallaremos.<\/p>\n\n\n\n<p class=\"has-text-align-center\"> Como\n usuario que eres, puedes rechazar el tratamiento de los datos o la \ninformaci\u00f3n bloqueando estas cookies mediante la configuraci\u00f3n apropiada\n de tu navegador. Sin embargo, debes saber que, si lo haces, este sitio \nno funcione adecuadamente.<\/p>\n\n\n\n<p class=\"has-text-align-center\">Seg\u00fan\n los t\u00e9rminos incluidos en el art\u00edculo 22.2 de la Ley 34\/2002 de \nServicios de la Sociedad de la Informaci\u00f3n y Comercio Electr\u00f3nico, si \ncontin\u00faas navegando<strong>, estar\u00e1s prestando tu consentimiento<\/strong> para el empleo de las cookies que detallo a continuaci\u00f3n.<\/p>\n\n\n\n<p class=\"has-text-align-center\">Las cookies de esta web ayudan a:<\/p>\n\n\n\n<ul class=\"wp-block-list\"><li>\nHacer que esta web funcione correctamente\n<\/li><li>\nAhorrarle el tener que iniciar sesi\u00f3n cada vez que visitas este sitio\n<\/li><li>\nRecordarte tus ajustes durante y entre las visitas\n<\/li><li>\nPermitirte visualizar videos\n<\/li><li>\nMejorar la velocidad \/ seguridad del sitio\n<\/li><li>\nQue pueda compartir p\u00e1ginas con redes sociales \n<\/li><li>\nMejorar continuamente de este sitio web\n<\/li><li>\nMostrarte anuncios en funci\u00f3n de tus h\u00e1bitos de navegaci\u00f3n\n<\/li><\/ul>\n\n\n\n<p class=\"has-text-align-center\"><strong>No utilizare jam\u00e1s cookies para:<\/strong><\/p>\n\n\n\n<ul class=\"wp-block-list\"><li>\nRecoger informaci\u00f3n de identificaci\u00f3n personal (sin tu permiso expreso)\n<\/li><li>\nRecoger informaci\u00f3n sensible (sin tu permiso expreso)\n<\/li><li>\nCompartir datos de identificaci\u00f3n personal a terceros\n<\/li><\/ul>\n\n\n\n<h2 class=\"wp-block-heading\">2. Cookies de terceros que utilizamos en esta web y que debes conocer<\/h2>\n\n\n\n<p class=\"has-text-align-center\">Esta web, como la mayor\u00eda de sitios web, incluye funcionalidades \nproporcionadas por terceros.Tambi\u00e9n se ponen a prueba regularmente \nnuevos dise\u00f1os o servicios de terceros para recomendaciones e informes. \nEsto\n puede modificar ocasionalmente la configuraci\u00f3n de cookies y que \naparezcan cookies no detalladas en la presente pol\u00edtica. Es importante \nque sepas que son cookies provisionales que no siempre es posible \ninformar y que solo tienen finalidades de estudio y valoraci\u00f3n. En \nning\u00fan caso se van a utilizar cookies que comprometan tu privacidad.<\/p>\n\n\n\n<p class=\"has-text-align-center\">Entre las cookies de terceros m\u00e1s estables est\u00e1n:<\/p>\n\n\n\n<ul class=\"wp-block-list\"><li>\n<strong>Las generadas por servicios de an\u00e1lisis,<\/strong>\n concretamente, Google Analytics para ayudar al website a analizar el \nuso que hacen los Usuarios del sitio web y mejorar la usabilidad del \nmismo, pero en ning\u00fan caso se asocian a datos que pudieran llegar a \nidentificar al usuario.\n<\/li><\/ul>\n\n\n\n<p class=\"has-text-align-center\">Google\n Analytics, es un servicio anal\u00edtico de web prestado por Google, Inc., \nuna compa\u00f1\u00eda de Delaware cuya oficina principal est\u00e1 en 1600 \nAmphitheatre Parkway, Mountain View (California), CA 94043, Estados \nUnidos (\u201cGoogle\u201d). <\/p>\n\n\n\n<p class=\"has-text-align-center\">El usuario puede consultar&nbsp;<a href=\"https:\/\/www.google.es\/intl\/es\/policies\/technologies\/types\/\">aqu\u00ed<\/a> el tipo de cookies utilizadas por Google. Cookie de Google+ y Google Maps, seg\u00fan lo dispuesto en su p\u00e1gina sobre qu\u00e9&nbsp;<a href=\"http:\/\/www.google.com\/intl\/es\/policies\/technologies\/types\/\">tipo de cookies utilizan<\/a>.<\/p>\n\n\n\n<h3 class=\"wp-block-heading\">Asimismo,  en ocasiones utilizamos Cookies generadas por el sistema \nde rastreo de Active Campaign LLC, empresa suscrita al Privacy Shield, \npara analizar  el uso que hacen nuestros suscriptores del sitio web y \nmejorar su  experiencia. Puedes conocer la pol\u00edtica de privacidad de \nesta  plataforma&nbsp;<a href=\"https:\/\/www.activecampaign.com\/privacy-policy\/\">aqu\u00ed.<\/a><\/h3>\n\n\n\n<ul class=\"wp-block-list\"><li> <strong>WordPress:<\/strong> <strong>Mago Willy, <\/strong>es  usuario  de&nbsp;la plataforma de suministro y alojamiento de  blogs&nbsp;WordPress,  propiedad de la empresa norteamericana Automattic,  Inc. A tales efectos,  el uso de tales cookies por los sistemas no nunca  est\u00e1n bajo control o gesti\u00f3n de la responsable de la web, pueden  cambiar su funci\u00f3n en  cualquier momento, y entrar cookies nuevas. <\/li><\/ul>\n\n\n\n<p class=\"has-text-align-center\">Estas  cookies tampoco reportan al responsable de este web beneficio \nalguno. Automattic, Inc., utiliza adem\u00e1s otras cookies con la finalidad \nde  ayudar a identificar y rastrear a los visitantes de los sitios de  \nWordPress, conocer el uso que hacen del sitio web de Automattic, as\u00ed  \ncomo sus preferencias de acceso al mismo, tal y como se recoge en el  \napartado \u201cCookies\u201d de su&nbsp;pol\u00edtica de privacidad.<\/p>\n\n\n\n<ul class=\"wp-block-list\"><li>\n<strong>Cookies de redes sociales:<\/strong>\n Las Cookies de redes sociales pueden almacenarse en su navegador \nmientras navega por la web o cuando utiliza el bot\u00f3n de compartir \ncontenidos de abcoach.com en alguna red social. \n<\/li><\/ul>\n\n\n\n<p class=\"has-text-align-center\">Las\n empresas que generan estas cookies correspondientes a las redes \nsociales que utiliza esta web tienen sus propias pol\u00edticas de cookies:<\/p>\n\n\n\n<ul class=\"wp-block-list\"><li> Cookie de Twitter, seg\u00fan lo dispuesto en su&nbsp;<a href=\"https:\/\/twitter.com\/privacy\">pol\u00edtica de privacidad y uso de cookies<\/a>. <\/li><li> Cookie de Linkedin, seg\u00fan lo dispuesto en su <a href=\"https:\/\/www.linkedin.com\/legal\/cookie-policy?trk=hp-cookies\">Pol\u00edtica de cookies<\/a> <\/li><li> Cookie de Facebook, seg\u00fan lo dispuesto en su <a href=\"https:\/\/www.facebook.com\/help\/cookies?ref_type=sitefooter\">Pol\u00edtica de Cookies<\/a> <\/li><li> Cookie de Youtube, seg\u00fan lo dispuesto en su <a href=\"https:\/\/www.google.es\/intl\/es\/policies\/technologies\/cookies\/\">Pol\u00edtica de Cookies<\/a> <\/li><\/ul>\n\n\n\n<p class=\"has-text-align-center\">Las\n implicaciones de privacidad estar\u00e1n en funci\u00f3n a cada red social y \ndepender\u00e1n de la configuraci\u00f3n de privacidad que ha elegido en estas \nredes. En ning\u00fan caso, ni el responsable de esta web ni los anunciantes \npueden obtener informaci\u00f3n personal identificable de estas cookies.<\/p>\n\n\n\n<p class=\"has-text-align-center\">A\n continuaci\u00f3n, y seg\u00fan exige el art\u00edculo 22.2 de la LSSI se detallan \nlas&nbsp;cookies que pueden instalarse habitualmente durante la navegaci\u00f3n \npor este sitio web:<\/p>\n\n\n\n<figure class=\"wp-block-table\"><table><tbody><tr><td>\n<strong>NOMBRE<\/strong>\n\n<\/td><td>\n<strong>DURACI\u00d3N<\/strong>\n<\/td><td>\n<strong>FINALIDAD<\/strong>\n<\/td><\/tr><tr><td>\nPropia:<br>\nSesi\u00f3n\ntve_leads_unique\n<\/td><td>\nCaduca al finalizar<br>\nsesi\u00f3n\n<\/td><td>\nAlmacenan<br>\ninformaci\u00f3n del usuario y sus sesiones para mejorar la<br>\nexperiencia de usuario\n<\/td><\/tr><tr><td>\nTerceros<br>\npersistente\n_ga\n<\/td><td>\n2 a\u00f1os a<br>\npartir de la configuraci\u00f3n\n<\/td><td>\nSe usa para<br>\ndistinguir a los usuarios. Es una cookie perteneciente a Google<br>\nAnalytics. <a href=\"https:\/\/www.google.com\/intl\/es\/policies\/\">M\u00e1s<br>\ninformaci\u00f3n<\/a>\n<\/td><\/tr><tr><td>\nTerceros<br>\npersistente\n_gat\n<\/td><td>\n10 minutos\n<\/td><td>\nSe usa para saber el<br>\nratio de recarga. Es una cookie perteneciente a Google Analytics.<br>\n<a href=\"https:\/\/www.google.com\/intl\/es\/policies\/\">M\u00e1s<br>\ninformaci\u00f3n<\/a>\n<\/td><\/tr><tr><td>\nTerceros<br>\npersistente\n__utma\n<\/td><td>\n2 a\u00f1os desde<br>\ncada actualizaci\u00f3n\n<\/td><td>\nEsta cookie se suele<br>\nestablecer durante la primera visita. Si la cookie es eliminada<br>\nmanualmente, volver\u00e1 a establecerse en la siguiente visita<br>\ncon ID nuevo. En la mayor\u00eda de los casos esta cookie se<br>\nutiliza para determinar visitantes \u00fanicos a nuestro sitio y<br>\nes actualizada con cada p\u00e1gina vista. Adem\u00e1s esta<br>\ncookie tiene un ID \u00fanico de Google Analytics que asegura<br>\ntanto la validez de la misma como su accesibilidad como una medida<br>\nde seguridad adicional. <a href=\"https:\/\/www.google.com\/intl\/es\/policies\/\">M\u00e1s<br>\ninformaci\u00f3n<\/a>\n<\/td><\/tr><tr><td>\nTerceros<br>\npersistente\n__utmb\n<\/td><td>\n2 a\u00f1os desde<br>\ncada actualizaci\u00f3n\n<\/td><td>\nEsta cookie se<br>\nutiliza para establecer y continuar una sesi\u00f3n de usuario<br>\nen nuestro sitio. Cuando un usuario visita una p\u00e1gina en<br>\nnuestro sitio, el c\u00f3digo de Google Analytics intenta<br>\nactualizar esta cookie. Si no encuentra la cookie, crear\u00e1<br>\nuna nueva. Cada vez que el usuario visita una p\u00e1gina<br>\ndistinta se actualiza esta cookie para caducar a los 30 minutos,<br>\nde esa forma contin\u00faa encontrar una sesi\u00f3n \u00fanica<br>\nen intervalos de 30 minutos. Esta cookie caduca cuando un usuario<br>\ndeja de visitas nuestro sitio por un per\u00edodo de 30 minutos.<br>\n<a href=\"https:\/\/www.google.com\/intl\/es\/policies\/\">M\u00e1s<br>\ninformaci\u00f3n<\/a>\n<\/td><\/tr><tr><td>\nTerceros<br>\npersistente\nAPISID, HSID, NID,<br>\nSAPISID, SID, SSID\n<\/td><td>\n2 a\u00f1os desde<br>\nsu instalaci\u00f3n\n<\/td><td>\nGuarda preferencias<br>\nde usuario y otra informaci\u00f3n de los servicios de Google<br>\nque tiene el usuario. <a href=\"https:\/\/www.google.com\/policies\/privacy\/\">M\u00e1s<br>\ninformaci\u00f3n<\/a>\n<\/td><\/tr><tr><td>\nTerceros<br>\npersistente\n__utmt\n<\/td><td>\nDe sesi\u00f3n\n<\/td><td>\nHistoricamente, esta<br>\ncookie operaba junto con la cookie __utmb para determinar si se<br>\ndeb\u00eda establecer una nueva sesi\u00f3n al usuario. Hoy en<br>\nd\u00eda no se utiliza pero sigue aqu\u00ed para mantener<br>\ncompatibilidad hacia atr\u00e1s con el c\u00f3digo de<br>\ntheurchin.js y ga.js. <a href=\"https:\/\/www.google.com\/intl\/es\/policies\/\">M\u00e1s<br>\ninformaci\u00f3n<\/a>\n<\/td><\/tr><tr><td>\nTerceros<br>\npersistente\n__utmz\n<\/td><td>\n6 meses desde cada<br>\nactualizaci\u00f3n\n<\/td><td>\nEsta cookie guarda<br>\ninformaci\u00f3n de referencias utilizadas por el visitante para<br>\nllegar a nuestro sitio, ya sea de forma directa, un link de<br>\nreferencia, una b\u00fasqueda web o una campa\u00f1a de<br>\npublicidad o por email. Se utiliza para calcular el tr\u00e1fico<br>\nproviniente de buscadores web, campa\u00f1as de marketing y<br>\nnavegaci\u00f3n por nuestro sitio. Esta cookie se actualiza en<br>\ncada vista de p\u00e1gina. <a href=\"https:\/\/www.google.com\/intl\/es\/policies\/\">M\u00e1s<br>\ninformaci\u00f3n<\/a>\n<\/td><\/tr><tr><td>\nPropia<br>\npersistente\n__cfduid\n<\/td><td>\n5 a\u00f1os\n<\/td><td>\nLa cookie __ cfduid<br>\nse utiliza para anular las restricciones de seguridad basadas en<br>\nla direcci\u00f3n IP del visitante est\u00e1 viniendo. <a href=\"https:\/\/support.cloudflare.com\/hc\/en-us\/articles\/200170156-What-does-the-CloudFlare-cfduid-cookie-do\">M\u00e1s<br>\ninformaci\u00f3n<\/a><br>\n\n<\/td><\/tr><tr><td>\nTerceros<br>\npersistente\n__smToken\n<\/td><td>\nCaduca al finalizar<br>\nla sesi\u00f3n\n<\/td><td>\nSe usa para<br>\ndiferenciar los usuarios a los que se les ha mostrado alguna<br>\nfuncionalidad de Sumome. <a href=\"https:\/\/sumo.com\/tos\">M\u00e1s<br>\ninformaci\u00f3n<\/a>\n<\/td><\/tr><tr><td>\nPropia\n__smVID\n<\/td><td>\nCaduca al finalizar<br>\nla sesi\u00f3n\n<\/td><td>\nAlmacena informaci\u00f3n<br>\ndel usuario y sus sesiones para mejorar la experiencia de usuario.\n<\/td><\/tr><tr><td>\n_remember_checked_on\n<\/td><td>\nCaduca al finalizar<br>\nla sesi\u00f3n\n<\/td><td>\nCookies con<br>\nfuncionalidades de Twitter.\n<\/td><\/tr><tr><td>\nTerceros\n__stripe_mid\n<\/td><td>\nCaduca al finalizar<br>\nla sesi\u00f3n\n<\/td><td>\nCookie de Stripe .<br>\n<a href=\"https:\/\/stripe.com\/cookies-policy\/legal\">M\u00e1s<br>\ninformaci\u00f3n<\/a>\n<\/td><\/tr><tr><td>\nTerceros<br>\npersistente\npl\n<\/td><td>\n90 d\u00edas\n<\/td><td>\nSe utiliza para<br>\nregistrar que un dispositivo o un navegador iniciaron sesi\u00f3n<br>\na trav\u00e9s de la plataforma de Facebook. <a href=\"https:\/\/www.facebook.com\/policy\/cookies\/printable\">M\u00e1s<br>\ninformaci\u00f3n<\/a>\n<\/td><\/tr><tr><td>\nTerceros<br>\npersistente\nfr\n<\/td><td>\n90 d\u00edas\n<\/td><td>\nSe trata de la<br>\ncookie de publicidad principal de Facebook. Se utiliza para<br>\nofrecer, analizar y mejorar la relevancia de los anuncios. <a href=\"https:\/\/www.facebook.com\/policy\/cookies\/printable\">M\u00e1s<br>\ninformaci\u00f3n<\/a>\n<\/td><\/tr><tr><td>\nTerceros<br>\npersistente\nsb\n<\/td><td>\n2 a\u00f1os desde<br>\nsu instalaci\u00f3n\n<\/td><td>\nCookie de Facebook<br>\nque identifica al navegador con fines de autenticaci\u00f3n del<br>\ninicio de sesi\u00f3n. <a href=\"https:\/\/www.facebook.com\/policy\/cookies\/printable\">M\u00e1s<br>\ninformaci\u00f3n<\/a>\n<\/td><\/tr><tr><td>\nTerceros<br>\npersistente\nc_user\n<\/td><td>\n20 d\u00edas desde<br>\nsu instalaci\u00f3n\n<\/td><td>\nSe utiliza junto con<br>\nla cookie xs para autenticar tu identidad en Facebook. <a href=\"https:\/\/www.facebook.com\/policy\/cookies\/printable\">M\u00e1s<br>\ninformaci\u00f3n<\/a>\n<\/td><\/tr><tr><td>\nTerceros<br>\npersistente\nxs\n<\/td><td>\n90 d\u00edas desde<br>\nsu instalaci\u00f3n\n<\/td><td>\nSe utiliza junto con<br>\nla cookie c_user para autenticar tu identidad en Facebook. <a href=\"https:\/\/www.facebook.com\/policy\/cookies\/printable\">M\u00e1s<br>\ninformaci\u00f3n<\/a>\n<\/td><\/tr><tr><td>\nTerceros<br>\npersistente\ndatr\n<\/td><td>\n2 a\u00f1os desde<br>\nsu instalaci\u00f3n\n<\/td><td>\nDe Facebook que<br>\nidentifica a los navegadores con fines de seguridad e integridad<br>\ndel sitio, entre ellos, la recuperaci\u00f3n de cuentas y la<br>\nidentificaci\u00f3n de cuentas que puedan estar en riesgo. <a href=\"https:\/\/www.facebook.com\/policy\/cookies\/printable\">M\u00e1s<br>\ninformaci\u00f3n<\/a>\n<\/td><\/tr><tr><td>\nTerceros<br>\npersistente\ndriftt_aid\n<\/td><td>\nCaduca al finalizar<br>\nla sesi\u00f3n\n<\/td><td>\nCookie de chat. <a href=\"https:\/\/www.drift.com\/privacy-policy\/\">M\u00e1s<br>\ninformaci\u00f3n<\/a>\n<\/td><\/tr><tr><td>\nTerceros<br>\npersistente\n__zlcmid<\/td><td>\nCaduca al finalizar<br>\nla sesi\u00f3n\n<\/td><td>\nCookie de la<br>\nherramienta Zopin utilizada para chat\n<\/td><\/tr><tr><td>\nTerceros<br>\npersistente\nac_enable_tracking<\/td><td>\nCaduca al finalizar<br>\nla sesi\u00f3n\n<\/td><td>\nCookie utilizada por<br>\nla herramienta de Email Marketing Active Campaign para trackear<br>\nlas visitas de la web\n<\/td><\/tr><tr><td>\nCONSENT\n<\/td><td>\n\n<\/td><td>\nCookie de<br>\nreproducci\u00f3n de contenido en YouTube\n<\/td><\/tr><\/tbody><\/table><\/figure>\n\n\n\n<h2 class=\"wp-block-heading\">3. \u00bfC\u00f3mo puedo gestionar y desactivar estas cookies?<\/h2>\n\n\n\n<p class=\"has-text-align-center\">En\n el caso de no desear que el sitio web no instale ninguna cookie en tu \nequipo, cabe la posibilidad de adaptar tu navegador de modo que se te \nnotifique antes de que se descargue ninguna cookie. <\/p>\n\n\n\n<p class=\"has-text-align-center\">As\u00ed\n las cosas, se puede igualmente modificar la configuraci\u00f3n del navegador\n de forma que rechace todas las cookies o \u00fanicamente las cookies de \nterceros. Tambi\u00e9n puedes eliminar cualquiera de las cookies que ya se \nencuentren en tu equipo. Ten en cuenta que tendr\u00e1s que adaptar por \nseparado la configuraci\u00f3n de cada navegador y equipo que utilices.<\/p>\n\n\n\n<p class=\"has-white-background-color has-background\"><strong><a href=\"https:\/\/www.magowilly.com\">https:\/\/www.magowilly.com<\/a><\/strong> &nbsp;pone a disposici\u00f3n de los  usuarios que quieran impedir la instalaci\u00f3n  de las mencionadas cookies,  enlaces facilitados al efecto por  navegadores cuyo uso se considera  m\u00e1s extendido:<\/p>\n\n\n\n<p><a href=\"http:\/\/support.google.com\/chrome\/bin\/answer.py?hl=es-419&amp;answer=95647\">Google Chrome<\/a>&nbsp;\u2013&nbsp;<a href=\"https:\/\/romualdfons.com\/politica-de-cookies\/#ie=ie-10\">Internet Explorer<\/a>&nbsp;\u2013&nbsp;<a href=\"http:\/\/support.mozilla.org\/es\/kb\/habilitar-y-deshabilitar-cookies-que-los-sitios-we\">Mozilla Firefox<\/a>&nbsp;\u2013&nbsp;<a href=\"http:\/\/support.apple.com\/kb\/HT1677?viewlocale=es_ES%20%97%20http:\/\/support.apple.com\/kb\/ph5042\">Apple Safari<\/a><\/p>\n\n\n\n<p><strong>Pol\u00edtica de Cookies a 27 de Julio de 2019.<\/strong><\/p>\n","protected":false},"excerpt":{"rendered":"<p>Seguidamente te facilitamos la informaci\u00f3n sobre las Cookies que se usan en esta web, tal y como se exige legalmente: NUESTRA POL\u00cdTICA DE COOKIES La LSSI-CE, &nbsp;obliga a todos los<\/p>\n<p class=\"more-link\"><a href=\"https:\/\/www.magowilly.com\/index.php\/politica-de-cookies\/\" class=\"readmore\">Seguir leyendo<span class=\"screen-reader-text\">Pol\u00edtica de Cookies<\/span><\/a><\/p>\n","protected":false},"author":1,"featured_media":5,"parent":0,"menu_order":0,"comment_status":"closed","ping_status":"closed","template":"","meta":{"footnotes":""},"class_list":["post-21","page","type-page","status-publish","has-post-thumbnail","hentry"],"_links":{"self":[{"href":"https:\/\/www.magowilly.com\/index.php\/wp-json\/wp\/v2\/pages\/21","targetHints":{"allow":["GET"]}}],"collection":[{"href":"https:\/\/www.magowilly.com\/index.php\/wp-json\/wp\/v2\/pages"}],"about":[{"href":"https:\/\/www.magowilly.com\/index.php\/wp-json\/wp\/v2\/types\/page"}],"author":[{"embeddable":true,"href":"https:\/\/www.magowilly.com\/index.php\/wp-json\/wp\/v2\/users\/1"}],"replies":[{"embeddable":true,"href":"https:\/\/www.magowilly.com\/index.php\/wp-json\/wp\/v2\/comments?post=21"}],"version-history":[{"count":4,"href":"https:\/\/www.magowilly.com\/index.php\/wp-json\/wp\/v2\/pages\/21\/revisions"}],"predecessor-version":[{"id":332,"href":"https:\/\/www.magowilly.com\/index.php\/wp-json\/wp\/v2\/pages\/21\/revisions\/332"}],"wp:featuredmedia":[{"embeddable":true,"href":"https:\/\/www.magowilly.com\/index.php\/wp-json\/wp\/v2\/media\/5"}],"wp:attachment":[{"href":"https:\/\/www.magowilly.com\/index.php\/wp-json\/wp\/v2\/media?parent=21"}],"curies":[{"name":"wp","href":"https:\/\/api.w.org\/{rel}","templated":true}]}}